{"id":1762,"date":"2022-03-24T10:41:57","date_gmt":"2022-03-24T10:41:57","guid":{"rendered":"https:\/\/guebau.lit-webhosting.gridventures.de\/impressum\/"},"modified":"2025-06-25T09:53:08","modified_gmt":"2025-06-25T09:53:08","slug":"impressum","status":"publish","type":"page","link":"https:\/\/guebau.de\/en\/impressum\/","title":{"rendered":"IMPRESSUM GEM. \u00a75 DDG"},"content":{"rendered":"\n<p><strong>G\u00fcbau Logistics GmbH<\/strong><\/p>\n\n\n\n<p>Peter-Hurst-Stra\u00dfe 3 \u2013 38444 Wolfsburg<br>Telefon +49 5308 403-0 \u2013 Fax +49 5308 403-111<br>E-Mail:&nbsp;<a href=\"mailto:kontakt@guebau.de\">kontakt@guebau.de<\/a>&nbsp;\u2013 Internet:&nbsp;<a href=\"https:\/\/guebau.de\/en\/\">https:\/\/guebau.de\/<\/a><\/p>\n\n\n\n<p>Vertreten durch den Gesch\u00e4ftsf\u00fchrer:<br>Frank Plinke<\/p>\n\n\n\n<p>Eingetragen beim Amtsgericht Braunschweig<br>Handelsregister-Nr.: HRB 206700<\/p>\n\n\n\n<p>Umsatzsteuer-ID-Nr.: DE313135529<\/p>\n\n\n\n<p>Gerichtsstand ist Wolfsburg<\/p>\n\n\n\n<p>Zust\u00e4ndige Aufsichtsbeh\u00f6rde:<br>Stadt Wolfsburg<br>Gesch\u00e4ftsbereich B\u00fcrgerdienste<br>Porschestra\u00dfe 49<br>38440 Wolfsburg<\/p>\n\n\n\n<p>Lizenz Nr.: D\/1\/NI\/WOB<\/p>\n\n\n\n<p>Urheberrecht<\/p>\n\n\n\n<p>Die durch die Seitenbetreiber erstellten Inhalte und Werke auf dieser Seite unterliegen dem deutschen Urheberrecht. Die Vervielf\u00e4ltigung, Bearbeitung, Verbreitung und jede Art der Verwertung au\u00dferhalb der Grenzen des Urheberrechts bed\u00fcrfen der schriftlichen Zustimmung des jeweiligen Autors bzw. Erstellers.<br>Downloads und Kopien dieser Seite sind nur f\u00fcr den privaten, nichtkommerziellen Gebrauch gestattet.<br>Soweit die Inhalte auf dieser Seite nicht vom Betreiber erstellt wurden, werden die Urheberrechte beachtet. Insbesondere werden Inhalte Dritter als solche gekennzeichnet. Sollten Sie trotzdem auf eine Urheberrechtsverletzung aufmerksam werden, bitten wir um einen entsprechenden Hinweis. Bei bekannt werden von Rechtsverletzungen werden wir derartige Inhalte umgehend entfernen.<\/p>\n\n\n\n<p>Haftung f\u00fcr Inhalte<\/p>\n\n\n\n<p>Die Inhalte unserer Seiten wurden mit gr\u00f6\u00dfter Sorgfalt erstellt. F\u00fcr die Richtigkeit, Vollst\u00e4ndigkeit und Aktualit\u00e4t der Inhalte k\u00f6nnen wir jedoch keine Gew\u00e4hr \u00fcbernehmen.<br>Als Dienstanbieter sind wir gem\u00e4\u00df \u00a7 7 Abs. 1 TMG f\u00fcr eigene Inhalte auf dieser Seite nach den allgemeinen Gesetzen verantwortlich. Nach \u00a7\u00a7 8 bis 10 TMG sind wir als Dienstanbieter jedoch nicht verpflichtet, \u00fcbermittelte oder gespeicherte fremde Informationen zu \u00fcberwachen oder nach Umst\u00e4nden zu forschen, die auf eine rechtswidrige T\u00e4tigkeit hinweisen.<br>Verpflichtungen zur Entfernung oder Sperrung der Nutzung von Informationen nach den allgemeinen Gesetzen bleiben hiervon unber\u00fchrt. Eine diesbez\u00fcgliche Haftung ist jedoch erst ab dem Zeitpunkt der Kenntnis einer konkreten Rechtsverletzung m\u00f6glich. Bei Bekanntwerden von entsprechenden Rechtsverletzungen werden wir diese Inhalte umgehend entfernen.<\/p>\n\n\n\n<p>Online Redaktion<\/p>\n\n\n\n<p>Frank Plinke<br>Peter-Hurst-Stra\u00dfe 3<br>38444 Wolfsburg<\/p>\n\n\n\n<p>Haftung f\u00fcr Links<\/p>\n\n\n\n<p>Unser Angebot enth\u00e4lt Links zu externen Webseiten Dritter, auf deren Inhalten wir keinen Einfluss haben. Deshalb k\u00f6nnen wir f\u00fcr diese fremden Inhalte auch keine Gew\u00e4hr \u00fcbernehmen. F\u00fcr Inhalte der verlinkten Seiten ist stets der jeweilige Anbieter oder Betreiber der Seiten verantwortlich. Die verlinkten Seiten wurden zum Zeitpunkt der Verlinkung auf m\u00f6gliche Rechtverst\u00f6\u00dfe \u00fcberpr\u00fcft. Rechtswidrige Inhalte waren zum Zeitpunkt der Verlinkung nicht erkennbar. Eine permanente inhaltliche Kontrolle der verlinkten Seiten ist jedoch ohne konkrete Anhaltspunkte einer Rechtsverletzung nicht zumutbar. Bei Bekanntwerden von Rechtsverletzungen werden wir derartige Links umgehend entfernen.<\/p>\n\n\n\n<p>Datenschutz<\/p>\n\n\n\n<p>Die Nutzung unserer Website ist in der Regel ohne Angaben personenbezogener Daten m\u00f6glich. Soweit auf unseren Seiten personenbezogene Daten (beispielsweise Namen, Anschrift oder E-Mailadressen) erhoben werden, erfolgt dies, soweit m\u00f6glich, stets auf freiwilliger Basis. Diese Daten werden ohne Ihre ausdr\u00fcckliche Zustimmung nicht an Dritte weitergegeben.<br>Wir weisen darauf hin, dass die Daten\u00fcbertragung im Internet (z.B. bei der Kommunikation per E-Mail) Sicherheitsl\u00fccken aufweisen kann. Ein l\u00fcckenloser Schutz der Daten vor dem Zugriff durch Dritte ist nicht m\u00f6glich.<br>Der Nutzung von im Rahmen der Impressumspflicht ver\u00f6ffentlichen Kontaktdaten durch Dritte zur \u00dcbersendung von nicht ausdr\u00fccklich angeforderter Werbung und Informationsmaterialien wird hiermit ausdr\u00fccklich widersprochen. Die Betreiber der Seite behalten sich ausdr\u00fccklich rechtliche Schritte im Falle der unverlangten Zusendung von Werbeinformationen, etwa Spam-Mail, vor.<\/p>\n\n\n\n<p>Design und Umsetzung: <a href=\"https:\/\/jp-labs.de\">J&amp;P Media Labs GmbH<\/a><\/p>\n","protected":false},"excerpt":{"rendered":"<p>G\u00fcbau Logistics GmbH Peter-Hurst-Stra\u00dfe 3 \u2013 38444 WolfsburgTelefon +49 5308 403-0 \u2013 Fax +49 5308 403-111E-Mail:&nbsp;kontakt@guebau.de&nbsp;\u2013 Internet:&nbsp;https:\/\/guebau.de\/ Vertreten durch den Gesch\u00e4ftsf\u00fchrer:Frank Plinke Eingetragen beim Amtsgericht BraunschweigHandelsregister-Nr.: HRB 206700 Umsatzsteuer-ID-Nr.: DE313135529 Gerichtsstand ist Wolfsburg Zust\u00e4ndige Aufsichtsbeh\u00f6rde:Stadt WolfsburgGesch\u00e4ftsbereich B\u00fcrgerdienstePorschestra\u00dfe 4938440 Wolfsburg Lizenz Nr.: D\/1\/NI\/WOB Urheberrecht Die durch die Seitenbetreiber erstellten Inhalte und Werke auf dieser Seite unterliegen [&hellip;]<\/p>\n","protected":false},"author":1,"featured_media":0,"parent":0,"menu_order":0,"comment_status":"closed","ping_status":"closed","template":"","meta":{"footnotes":""},"class_list":["post-1762","page","type-page","status-publish","hentry"],"yoast_head":"<!-- This site is optimized with the Yoast SEO plugin v24.4 - https:\/\/yoast.com\/wordpress\/plugins\/seo\/ -->\n<title>IMPRESSUM GEM. \u00a75 DDG - G\u00fcbau Group<\/title>\n<meta name=\"robots\" content=\"noindex, nofollow\" \/>\n<meta property=\"og:locale\" content=\"en_US\" \/>\n<meta property=\"og:type\" content=\"article\" \/>\n<meta property=\"og:title\" content=\"IMPRESSUM GEM. \u00a75 DDG - G\u00fcbau Group\" \/>\n<meta property=\"og:description\" content=\"G\u00fcbau Logistics GmbH Peter-Hurst-Stra\u00dfe 3 \u2013 38444 WolfsburgTelefon +49 5308 403-0 \u2013 Fax +49 5308 403-111E-Mail:&nbsp;kontakt@guebau.de&nbsp;\u2013 Internet:&nbsp;https:\/\/guebau.de\/ Vertreten durch den Gesch\u00e4ftsf\u00fchrer:Frank Plinke Eingetragen beim Amtsgericht BraunschweigHandelsregister-Nr.: HRB 206700 Umsatzsteuer-ID-Nr.: DE313135529 Gerichtsstand ist Wolfsburg Zust\u00e4ndige Aufsichtsbeh\u00f6rde:Stadt WolfsburgGesch\u00e4ftsbereich B\u00fcrgerdienstePorschestra\u00dfe 4938440 Wolfsburg Lizenz Nr.: D\/1\/NI\/WOB Urheberrecht Die durch die Seitenbetreiber erstellten Inhalte und Werke auf dieser Seite unterliegen [&hellip;]\" \/>\n<meta property=\"og:url\" content=\"https:\/\/guebau.de\/en\/impressum\/\" \/>\n<meta property=\"og:site_name\" content=\"G\u00fcbau Group\" \/>\n<meta property=\"article:modified_time\" content=\"2025-06-25T09:53:08+00:00\" \/>\n<meta name=\"twitter:card\" content=\"summary_large_image\" \/>\n<meta name=\"twitter:label1\" content=\"Est. reading time\" \/>\n\t<meta name=\"twitter:data1\" content=\"1 minute\" \/>\n<!-- \/ Yoast SEO plugin. -->","yoast_head_json":{"title":"IMPRESSUM GEM. \u00a75 DDG - G\u00fcbau Group","robots":{"index":"noindex","follow":"nofollow"},"og_locale":"en_US","og_type":"article","og_title":"IMPRESSUM GEM. \u00a75 DDG - G\u00fcbau Group","og_description":"G\u00fcbau Logistics GmbH Peter-Hurst-Stra\u00dfe 3 \u2013 38444 WolfsburgTelefon +49 5308 403-0 \u2013 Fax +49 5308 403-111E-Mail:&nbsp;kontakt@guebau.de&nbsp;\u2013 Internet:&nbsp;https:\/\/guebau.de\/ Vertreten durch den Gesch\u00e4ftsf\u00fchrer:Frank Plinke Eingetragen beim Amtsgericht BraunschweigHandelsregister-Nr.: HRB 206700 Umsatzsteuer-ID-Nr.: DE313135529 Gerichtsstand ist Wolfsburg Zust\u00e4ndige Aufsichtsbeh\u00f6rde:Stadt WolfsburgGesch\u00e4ftsbereich B\u00fcrgerdienstePorschestra\u00dfe 4938440 Wolfsburg Lizenz Nr.: D\/1\/NI\/WOB Urheberrecht Die durch die Seitenbetreiber erstellten Inhalte und Werke auf dieser Seite unterliegen [&hellip;]","og_url":"https:\/\/guebau.de\/en\/impressum\/","og_site_name":"G\u00fcbau Group","article_modified_time":"2025-06-25T09:53:08+00:00","twitter_card":"summary_large_image","twitter_misc":{"Est. reading time":"1 minute"},"schema":{"@context":"https:\/\/schema.org","@graph":[{"@type":"WebPage","@id":"https:\/\/guebau.de\/en\/impressum\/","url":"https:\/\/guebau.de\/en\/impressum\/","name":"IMPRESSUM GEM. \u00a75 DDG - G\u00fcbau Group","isPartOf":{"@id":"https:\/\/guebau.de\/en\/#website"},"datePublished":"2022-03-24T10:41:57+00:00","dateModified":"2025-06-25T09:53:08+00:00","breadcrumb":{"@id":"https:\/\/guebau.de\/en\/impressum\/#breadcrumb"},"inLanguage":"en-US","potentialAction":[{"@type":"ReadAction","target":["https:\/\/guebau.de\/en\/impressum\/"]}]},{"@type":"BreadcrumbList","@id":"https:\/\/guebau.de\/en\/impressum\/#breadcrumb","itemListElement":[{"@type":"ListItem","position":1,"name":"Startseite","item":"https:\/\/guebau.de\/en\/"},{"@type":"ListItem","position":2,"name":"IMPRESSUM GEM. \u00a75 DDG"}]},{"@type":"WebSite","@id":"https:\/\/guebau.de\/en\/#website","url":"https:\/\/guebau.de\/en\/","name":"G\u00fcbau Group","description":"G\u00fcbau Group","publisher":{"@id":"https:\/\/guebau.de\/en\/#organization"},"potentialAction":[{"@type":"SearchAction","target":{"@type":"EntryPoint","urlTemplate":"https:\/\/guebau.de\/en\/?s={search_term_string}"},"query-input":{"@type":"PropertyValueSpecification","valueRequired":true,"valueName":"search_term_string"}}],"inLanguage":"en-US"},{"@type":"Organization","@id":"https:\/\/guebau.de\/en\/#organization","name":"S\u00fcdvolumen GmbH","url":"https:\/\/guebau.de\/en\/","logo":{"@type":"ImageObject","inLanguage":"en-US","@id":"https:\/\/guebau.de\/en\/#\/schema\/logo\/image\/","url":"https:\/\/guebau.lit-webhosting.gridventures.de\/wp-content\/uploads\/2022\/02\/SV_Logo-mit-Claim.png","contentUrl":"https:\/\/guebau.lit-webhosting.gridventures.de\/wp-content\/uploads\/2022\/02\/SV_Logo-mit-Claim.png","width":3544,"height":758,"caption":"S\u00fcdvolumen GmbH"},"image":{"@id":"https:\/\/guebau.de\/en\/#\/schema\/logo\/image\/"}}]}},"_links":{"self":[{"href":"https:\/\/guebau.de\/en\/wp-json\/wp\/v2\/pages\/1762","targetHints":{"allow":["GET"]}}],"collection":[{"href":"https:\/\/guebau.de\/en\/wp-json\/wp\/v2\/pages"}],"about":[{"href":"https:\/\/guebau.de\/en\/wp-json\/wp\/v2\/types\/page"}],"author":[{"embeddable":true,"href":"https:\/\/guebau.de\/en\/wp-json\/wp\/v2\/users\/1"}],"replies":[{"embeddable":true,"href":"https:\/\/guebau.de\/en\/wp-json\/wp\/v2\/comments?post=1762"}],"version-history":[{"count":4,"href":"https:\/\/guebau.de\/en\/wp-json\/wp\/v2\/pages\/1762\/revisions"}],"predecessor-version":[{"id":5700,"href":"https:\/\/guebau.de\/en\/wp-json\/wp\/v2\/pages\/1762\/revisions\/5700"}],"wp:attachment":[{"href":"https:\/\/guebau.de\/en\/wp-json\/wp\/v2\/media?parent=1762"}],"curies":[{"name":"wp","href":"https:\/\/api.w.org\/{rel}","templated":true}]}}