{"id":1761,"date":"2022-02-14T10:53:31","date_gmt":"2022-02-14T10:53:31","guid":{"rendered":"https:\/\/guebau.lit-webhosting.gridventures.de\/kontakt\/"},"modified":"2024-10-22T14:58:52","modified_gmt":"2024-10-22T14:58:52","slug":"kontakt","status":"publish","type":"page","link":"https:\/\/guebau.de\/en\/kontakt\/","title":{"rendered":"Kontakt"},"content":{"rendered":"<p><img decoding=\"async\" data-src=\"\/wp-content\/uploads\/2023\/11\/guebau_karte.svg\" alt=\"\" src=\"data:image\/gif;base64,R0lGODlhAQABAAAAACH5BAEKAAEALAAAAAABAAEAAAICTAEAOw==\" class=\"lazyload\"><\/p>\n<ul>\n<li>\n<p>        <img decoding=\"async\" data-src=\"\/wp-content\/uploads\/2023\/11\/2017_10_19_Guebau_Logo_Group_RGB_Negativ.png\" alt=\"\" src=\"data:image\/gif;base64,R0lGODlhAQABAAAAACH5BAEKAAEALAAAAAABAAEAAAICTAEAOw==\" class=\"lazyload\" style=\"--smush-placeholder-width: 8334px; --smush-placeholder-aspect-ratio: 8334\/2535;\"><\/p>\n<div>\n<p><strong>Zentrale Wolfsburg<\/strong><\/p>\n<\/div>\n<\/li>\n<li>\n<p>        <img decoding=\"async\" data-src=\"\/wp-content\/uploads\/2023\/11\/2017_10_19_Guebau_Logo_Group_RGB_Negativ.png\" alt=\"\" src=\"data:image\/gif;base64,R0lGODlhAQABAAAAACH5BAEKAAEALAAAAAABAAEAAAICTAEAOw==\" class=\"lazyload\" style=\"--smush-placeholder-width: 8334px; --smush-placeholder-aspect-ratio: 8334\/2535;\"><\/p>\n<div>\n<p><strong>Baden-Baden<\/strong><\/p>\n<\/div>\n<\/li>\n<\/ul>\n<h2>Ihr<strong> Kontakt<\/strong> zu uns<\/h2>\n<ul>\n<li>\n<h3>Zentrale Wolfsburg<\/h3>\n<div>\n<p>G\u00fcbau Logistics GmbH <br \/>Peter-Hurst-Stra\u00dfe 3 <br \/>38444 Wolfsburg<\/p>\n<p>Tel. +49 5308403-0 <br \/>Fax. +49 5308403-111 <br \/><a href=\"mailto:kontakt@guebau.de\">kontakt@guebau.de<\/a><\/p>\n<\/div>\n<\/li>\n<li>\n<h3>Baden Baden<\/h3>\n<div>\n<p>G\u00fcbau Logistics GmbH <br \/>Robert-Bosch-Stra\u00dfe 4 <br \/>76532 Baden-Baden<\/p>\n<p>Tel. +49 7221 97 29 89-0 <br \/>Fax. +49 7221 97 29 89-18 <br \/><a href=\"mailto:haueneberstein@guebau.de\">haueneberstein@guebau.de<\/a><\/p>\n<\/div>\n<\/li>\n<\/ul>\n<p><img decoding=\"async\" data-src=\"\/wp-content\/uploads\/2023\/11\/2017_10_19_Guebau_Logo_Group_RGB_Positiv.png\" alt=\"\" src=\"data:image\/gif;base64,R0lGODlhAQABAAAAACH5BAEKAAEALAAAAAABAAEAAAICTAEAOw==\" class=\"lazyload\" style=\"--smush-placeholder-width: 2001px; --smush-placeholder-aspect-ratio: 2001\/609;\"><\/p>\n<ul>\n<li><a href=\"https:\/\/www.facebook.com\/Guebau\/\">facebook<\/a>\n<\/li>\n<li><a href=\"https:\/\/www.xing.com\/companies\/g%C3%BCbaulogisticsgmbh\">xing<\/a>\n<\/li>\n<\/ul>\n<h2>F\u00dcR <strong>UNTERNEHMER<\/strong><\/h2>\n<div>\n<p>Im Rahmen unserer nationalen und internationalen Transportaktivit\u00e4ten suchen wir regelm\u00e4\u00dfig qualit\u00e4ts- und erfolgsorientierte Unternehmer im Festeinsatz f\u00fcr unsere Fern-, Depot- und HUB-Verkehre sowie Nahverkehrstouren an den verschiedenen Standorten.<\/p>\n<\/div>\n<div>\n<h3>Wir bieten<\/h3>\n<div>\n<ul>\n<li>eine vertrauensvolle und zuverl\u00e4ssige Zusammenarbeit mit festen Rahmen&shy;vereinbarungen<\/li>\n<li>Einhaltung der Sozial&shy;vorschriften<\/li>\n<li>Koordination durch unser Dispositions-Team<\/li>\n<li>feste, attraktive Auftr\u00e4ge zu marktgerechten Preisen<\/li>\n<li>faire Zahlungsziele<\/li>\n<\/ul>\n<\/div>\n<\/div>\n<p><img decoding=\"async\" data-src=\"\/wp-content\/uploads\/2023\/11\/img_6034_bearbeitet.jpg\" alt=\"\" src=\"data:image\/gif;base64,R0lGODlhAQABAAAAACH5BAEKAAEALAAAAAABAAEAAAICTAEAOw==\" class=\"lazyload\" style=\"--smush-placeholder-width: 2048px; --smush-placeholder-aspect-ratio: 2048\/1365;\"><\/p>\n<div>Sie sind interessiert an einer Zusammenarbeit mit G\u00fcbau und m\u00f6chten gerne mehr erfahren? Dann kontaktieren Sie uns einfach \u00fcber unser Kontaktformular! <strong>Wir freuen uns auf Ihre Anfrage!<\/strong><\/div>\n<h1>DAS WISSEN UM DEN <strong>RICHTIGEN ZEITPUNKT<\/strong> IST DER <strong>HALBE ERFOLG.<\/strong><\/h1>\n<h1>\u2013 Maurice couve de Murville<\/h1>\n<h2>G\u00fcbau Logistics GmbH<\/h2>\n<div>Sie m\u00f6chten mehr erfahren? Nutzen Sie unser Kontakt&shy;formular.<\/div>\n<div>\n\n<div class=\"wpcf7 no-js\" id=\"wpcf7-f2085-o1\" lang=\"en-US\" dir=\"ltr\" data-wpcf7-id=\"2085\">\n<div class=\"screen-reader-response\"><p role=\"status\" aria-live=\"polite\" aria-atomic=\"true\"><\/p> <ul><\/ul><\/div>\n<form action=\"\/en\/wp-json\/wp\/v2\/pages\/1761#wpcf7-f2085-o1\" method=\"post\" class=\"wpcf7-form init\" id=\"contact-form-7\" aria-label=\"Contact form\" novalidate=\"novalidate\" data-status=\"init\">\n<div style=\"display: none;\">\n<input type=\"hidden\" name=\"_wpcf7\" value=\"2085\" \/>\n<input type=\"hidden\" name=\"_wpcf7_version\" value=\"6.0.3\" \/>\n<input type=\"hidden\" name=\"_wpcf7_locale\" value=\"en_US\" \/>\n<input type=\"hidden\" name=\"_wpcf7_unit_tag\" value=\"wpcf7-f2085-o1\" \/>\n<input type=\"hidden\" name=\"_wpcf7_container_post\" value=\"0\" \/>\n<input type=\"hidden\" name=\"_wpcf7_posted_data_hash\" value=\"\" \/>\n<\/div>\n<p><label> <span class=\"wpcf7-form-control-wrap\" data-name=\"your-name\"><input size=\"40\" maxlength=\"400\" class=\"wpcf7-form-control wpcf7-text wpcf7-validates-as-required\" aria-required=\"true\" aria-invalid=\"false\" placeholder=\"Vorname, Nachname\" value=\"\" type=\"text\" name=\"your-name\" \/><\/span> <\/label>\n<\/p>\n<p><label> <span class=\"wpcf7-form-control-wrap\" data-name=\"your-email\"><input size=\"40\" maxlength=\"400\" class=\"wpcf7-form-control wpcf7-email wpcf7-validates-as-required wpcf7-text wpcf7-validates-as-email\" aria-required=\"true\" aria-invalid=\"false\" placeholder=\"Ihre E-Mail-Adresse\" value=\"\" type=\"email\" name=\"your-email\" \/><\/span> <\/label>\n<\/p>\n<p><label> <span class=\"wpcf7-form-control-wrap\" data-name=\"your-message\"><textarea cols=\"40\" rows=\"10\" maxlength=\"2000\" class=\"wpcf7-form-control wpcf7-textarea wpcf7-validates-as-required\" aria-required=\"true\" aria-invalid=\"false\" placeholder=\"Ihre Nachricht\" name=\"your-message\"><\/textarea><\/span> <\/label>\n<\/p>\n<p><label>L\u00f6se die Rechenaufgabe<br \/>\n<span class=\"wpcf7-form-control-wrap\" data-name=\"quiz-check\"><label><span class=\"wpcf7-quiz-label\">4+9=<\/span> <input size=\"40\" class=\"wpcf7-form-control wpcf7-quiz\" autocomplete=\"off\" aria-required=\"true\" aria-invalid=\"false\" type=\"text\" name=\"quiz-check\" \/><\/label><input type=\"hidden\" name=\"_wpcf7_quiz_answer_quiz-check\" value=\"1007184257460ba98488147800c95291\" \/><\/span><\/label>\n<\/p>\n<p><span class=\"wpcf7-form-control-wrap\" data-name=\"checkbox-460\"><span class=\"wpcf7-form-control wpcf7-checkbox wpcf7-validates-as-required\"><span class=\"wpcf7-list-item first last\"><label><input type=\"checkbox\" name=\"checkbox-460[]\" value=\"Durch Anklicken des Buttons &quot;Sendenl&quot; willige ich ein, dass mich die G\u00fcbau Logistics GmbH per E-Mail oder Telefon kontaktiert. Ich kann meine Einwilligung jederzeit gegen\u00fcber der G\u00fcbau Logistics GmbH widerrufen. Weitere Informationen finden Sie auf unserer Datenschutzseite.\" \/><span class=\"wpcf7-list-item-label\">Durch Anklicken des Buttons &quot;Sendenl&quot; willige ich ein, dass mich die G\u00fcbau Logistics GmbH per E-Mail oder Telefon kontaktiert. Ich kann meine Einwilligung jederzeit gegen\u00fcber der G\u00fcbau Logistics GmbH widerrufen. Weitere Informationen finden Sie auf unserer Datenschutzseite.<\/span><\/label><\/span><\/span><\/span>\n<\/p><div class=\"wpcf7-response-output\" aria-hidden=\"true\"><\/div>\n<\/form>\n<\/div>\n\n<\/div>\n<div>\n<p>    <button form=\"contact-form-7\" type=\"submit\" class=\"el-content uk-button uk-button-secondary\"><br \/>\n    Senden<br \/>\n<\/button>\n<\/div>\n<p><!--more--><br \/>\n<!-- {\"children\":[{\"type\":\"section\",\"props\":{\"image_position\":\"center-center\",\"padding_remove_bottom\":false,\"padding_remove_horizontal\":false,\"style\":\"default\",\"title_breakpoint\":\"xl\",\"title_position\":\"top-left\",\"title_rotation\":\"left\",\"vertical_align\":\"\",\"width\":\"large\"},\"children\":[{\"type\":\"row\",\"children\":[{\"type\":\"column\",\"props\":{\"image_position\":\"center-center\",\"position_sticky_breakpoint\":\"m\",\"width_medium\":\"2-5\"},\"children\":[{\"type\":\"popover\",\"props\":{\"background_image\":\"wp-content\\\/uploads\\\/2023\\\/11\\\/guebau_karte.svg\",\"background_image_width\":\"400\",\"card_style\":\"primary\",\"drop_mode\":\"hover\",\"drop_position\":\"top-center\",\"drop_width\":\"300\",\"icon\":\"plus\",\"image_card_padding\":false,\"image_svg_color\":\"emphasis\",\"image_width\":\"200\",\"link_style\":\"default\",\"link_text\":\"Read more\",\"margin\":\"default\",\"marker_color\":\"dark\",\"meta_align\":\"below-title\",\"meta_element\":\"div\",\"meta_style\":\"text-meta\",\"show_content\":true,\"show_image\":true,\"show_link\":true,\"show_meta\":true,\"show_title\":true,\"title_element\":\"h3\",\"title_hover_style\":\"reset\",\"visibility\":\"s\"},\"children\":[{\"type\":\"popover_item\",\"props\":{\"content\":\"\n\n<p><strong>Zentrale Wolfsburg<\\\/strong><\\\/p>\",\"image\":\"wp-content\\\/uploads\\\/2023\\\/11\\\/2017_10_19_Guebau_Logo_Group_RGB_Negativ.png\",\"position_x\":\"52\",\"position_y\":\"33\"}},{\"type\":\"popover_item\",\"props\":{\"content\":\"\n\n<p><strong>Baden-Baden<\\\/strong><\\\/p>\",\"image\":\"wp-content\\\/uploads\\\/2023\\\/11\\\/2017_10_19_Guebau_Logo_Group_RGB_Negativ.png\",\"position_x\":\"26\",\"position_y\":\"79\"}}]}]},{\"type\":\"column\",\"props\":{\"image_position\":\"center-center\",\"position_sticky_breakpoint\":\"m\",\"width_medium\":\"3-5\"},\"children\":[{\"type\":\"headline\",\"props\":{\"animation\":\"slide-bottom-small\",\"content\":\"Ihr<strong> Kontakt<\\\/strong> zu uns\",\"css\":\".el-element {\\n    text-transform: uppercase;\\n}\",\"margin\":\"medium\",\"margin_remove_bottom\":false,\"margin_remove_top\":false,\"title_color\":\"secondary\",\"title_element\":\"h2\",\"title_style\":\"h1\"}},{\"type\":\"grid\",\"props\":{\"content_column_breakpoint\":\"m\",\"filter_align\":\"left\",\"filter_all\":true,\"filter_grid_breakpoint\":\"m\",\"filter_grid_width\":\"auto\",\"filter_position\":\"top\",\"filter_style\":\"tab\",\"grid_default\":\"1\",\"grid_medium\":\"2\",\"icon_width\":80,\"image_align\":\"top\",\"image_grid_breakpoint\":\"m\",\"image_grid_width\":\"1-2\",\"image_svg_color\":\"emphasis\",\"item_animation\":true,\"link_style\":\"default\",\"link_text\":\"Read more\",\"margin\":\"default\",\"meta_align\":\"below-title\",\"meta_element\":\"div\",\"meta_style\":\"text-meta\",\"parallax_easing\":\"1\",\"show_content\":true,\"show_image\":true,\"show_link\":true,\"show_meta\":true,\"show_title\":true,\"title_align\":\"top\",\"title_element\":\"h3\",\"title_grid_breakpoint\":\"m\",\"title_grid_width\":\"1-2\",\"title_hover_style\":\"reset\"},\"children\":[{\"type\":\"grid_item\",\"props\":{\"content\":\"\n\n<p>G\\u00fcbau Logistics GmbH <br \\\/>Peter-Hurst-Stra\\u00dfe 3 <br \\\/>38444 Wolfsburg<\\\/p>\\n\n\n<p>Tel. +49 5308403-0 <br \\\/>Fax. +49 5308403-111 <br \\\/><a href=\\\"mailto:kontakt@guebau.de\\\">kontakt@guebau.de<\\\/a><\\\/p>\",\"title\":\"Zentrale Wolfsburg\"}},{\"type\":\"grid_item\",\"props\":{\"content\":\"\n\n<p>G\\u00fcbau Logistics GmbH <br \\\/>Robert-Bosch-Stra\\u00dfe 4 <br \\\/>76532 Baden-Baden<\\\/p>\\n\n\n<p>Tel. +49 7221 97 29 89-0 <br \\\/>Fax. +49 7221 97 29 89-18 <br \\\/><a href=\\\"mailto:haueneberstein@guebau.de\\\">haueneberstein@guebau.de<\\\/a><\\\/p>\",\"title\":\"Baden Baden\"}}]},{\"type\":\"image\",\"props\":{\"image\":\"wp-content\\\/uploads\\\/2023\\\/11\\\/2017_10_19_Guebau_Logo_Group_RGB_Positiv.png\",\"image_svg_color\":\"emphasis\",\"image_width\":\"200\",\"margin\":\"large\",\"margin_remove_bottom\":true}},{\"type\":\"social\",\"props\":{\"grid\":\"horizontal\",\"grid_column_gap\":\"small\",\"grid_row_gap\":\"small\",\"icon_width\":\"35\",\"image_height\":\"35\",\"image_svg_inline\":true,\"image_width\":\"35\",\"link_style\":\"\",\"margin\":\"default\"},\"children\":[{\"type\":\"social_item\",\"props\":{\"link\":\"https:\\\/\\\/www.facebook.com\\\/Guebau\\\/\"}},{\"type\":\"social_item\",\"props\":{\"link\":\"https:\\\/\\\/www.xing.com\\\/companies\\\/g%C3%BCbaulogisticsgmbh\"}}]}]}],\"props\":{\"layout\":\"2-5,3-5\"}}],\"name\":\"Products\"},{\"type\":\"section\",\"props\":{\"id\":\"unternehmer\",\"image_position\":\"center-center\",\"padding_remove_bottom\":false,\"padding_remove_horizontal\":false,\"style\":\"primary\",\"title_breakpoint\":\"xl\",\"title_position\":\"top-left\",\"title_rotation\":\"left\",\"vertical_align\":\"\",\"width\":\"\",\"width_expand\":\"right\"},\"children\":[{\"type\":\"row\",\"props\":{\"column_gap\":\"large\",\"divider\":false,\"layout\":\"1-2,1-2\",\"padding_remove_horizontal\":false,\"row_gap\":\"large\",\"width\":\"default\"},\"children\":[{\"type\":\"column\",\"props\":{\"image_position\":\"center-center\",\"position_sticky_breakpoint\":\"m\",\"width_medium\":\"1-2\"},\"children\":[{\"type\":\"headline\",\"props\":{\"block_align_breakpoint\":\"m\",\"block_align_fallback\":\"center\",\"content\":\"F\\u00dcR <strong>UNTERNEHMER<\\\/strong>\",\"margin\":\"medium\",\"margin_remove_top\":true,\"maxwidth\":\"xlarge\",\"text_align\":\"left\",\"text_align_breakpoint\":\"m\",\"text_align_fallback\":\"center\",\"title_color\":\"primary\",\"title_element\":\"h2\",\"title_style\":\"heading-small\"}},{\"type\":\"text\",\"props\":{\"block_align_breakpoint\":\"m\",\"block_align_fallback\":\"center\",\"column_breakpoint\":\"m\",\"content\":\"\n\n<p>Im Rahmen unserer nationalen und internationalen Transportaktivit\\u00e4ten suchen wir regelm\\u00e4\\u00dfig qualit\\u00e4ts- und erfolgsorientierte Unternehmer im Festeinsatz f\\u00fcr unsere Fern-, Depot- und HUB-Verkehre sowie Nahverkehrstouren an den verschiedenen Standorten.<\\\/p>\",\"margin\":\"medium\",\"margin_remove_top\":true,\"maxwidth\":\"2xlarge\",\"maxwidth_breakpoint\":\"m\",\"text_align\":\"left\",\"text_color\":\"secondary\",\"text_style\":\"lead\"}},{\"type\":\"panel\",\"props\":{\"content\":\"\n\n<ul>\\n\n\n<li>eine vertrauensvolle und zuverl\\u00e4ssige Zusammenarbeit mit festen Rahmen&shy;vereinbarungen<\\\/li>\\n\n\n<li>Einhaltung der Sozial&shy;vorschriften<\\\/li>\\n\n\n<li>Koordination durch unser Dispositions-Team<\\\/li>\\n\n\n<li>feste, attraktive Auftr\\u00e4ge zu marktgerechten Preisen<\\\/li>\\n\n\n<li>faire Zahlungsziele<\\\/li>\\n<\\\/ul>\",\"content_column_breakpoint\":\"m\",\"content_style\":\"text-lead\",\"css\":\".el-element {\\n    background: #003e5e;\\n}\",\"icon_width\":80,\"image_align\":\"top\",\"image_grid_breakpoint\":\"m\",\"image_grid_width\":\"1-2\",\"image_svg_color\":\"emphasis\",\"link_style\":\"default\",\"link_text\":\"Read more\",\"margin\":\"default\",\"meta_align\":\"below-title\",\"meta_element\":\"div\",\"meta_style\":\"text-meta\",\"panel_padding\":\"default\",\"panel_style\":\"tile-primary\",\"title\":\"Wir bieten\",\"title_align\":\"top\",\"title_color\":\"primary\",\"title_element\":\"h3\",\"title_grid_breakpoint\":\"m\",\"title_grid_width\":\"1-2\",\"title_hover_style\":\"reset\"}}]},{\"type\":\"column\",\"props\":{\"image_position\":\"center-center\",\"position_sticky_breakpoint\":\"m\",\"width_medium\":\"1-2\"},\"children\":[{\"type\":\"image\",\"props\":{\"image\":\"wp-content\\\/uploads\\\/2023\\\/11\\\/img_6034_bearbeitet.jpg\",\"image_loading\":true,\"image_svg_color\":\"emphasis\",\"margin\":\"medium\",\"margin_remove_top\":false}},{\"type\":\"text\",\"props\":{\"block_align_breakpoint\":\"m\",\"block_align_fallback\":\"center\",\"column_breakpoint\":\"m\",\"content\":\"Sie sind interessiert an einer Zusammenarbeit mit G\\u00fcbau und m\\u00f6chten gerne mehr erfahren? Dann kontaktieren Sie uns einfach \\u00fcber unser Kontaktformular! <strong>Wir freuen uns auf Ihre Anfrage!<\\\/strong>\",\"margin\":\"medium\",\"margin_remove_top\":true,\"maxwidth\":\"2xlarge\",\"maxwidth_breakpoint\":\"m\",\"text_align\":\"left\",\"text_color\":\"secondary\",\"text_style\":\"lead\"}}]}]}],\"name\":\"fuer Unternehmer\"},{\"type\":\"section\",\"props\":{\"image\":\"wp-content\\\/uploads\\\/2023\\\/12\\\/img_6019_erweitert_v2-scaled.jpg\",\"image_effect\":\"parallax\",\"image_parallax_bgy\":\"0,50\",\"image_parallax_easing\":\"1\",\"image_position\":\"center-center\",\"image_size\":\"cover\",\"media_overlay\":\"rgba(28, 28, 28, 0.1)\",\"padding\":\"large\",\"style\":\"default\",\"text_color\":\"light\",\"title_breakpoint\":\"xl\",\"title_position\":\"top-left\",\"title_rotation\":\"left\",\"vertical_align\":\"\",\"width\":\"default\"},\"children\":[{\"type\":\"row\",\"props\":{\"layout\":\"1-2,1-2\"},\"children\":[{\"type\":\"column\",\"props\":{\"image_position\":\"center-center\",\"position_sticky_breakpoint\":\"m\",\"width_medium\":\"1-2\"},\"children\":[{\"type\":\"headline\",\"props\":{\"animation\":\"parallax\",\"content\":\"DAS WISSEN UM DEN <strong>RICHTIGEN ZEITPUNKT<\\\/strong> IST DER <strong>HALBE ERFOLG.<\\\/strong>\",\"parallax_easing\":\"1\",\"parallax_y\":\"-50,50\",\"title_element\":\"h1\",\"title_style\":\"heading-small\"}},{\"type\":\"headline\",\"props\":{\"animation\":\"parallax\",\"content\":\"\\u2013 Maurice couve de Murville\",\"parallax_easing\":\"1.4\",\"parallax_y\":\"-50,50\",\"title_element\":\"h1\",\"title_style\":\"text-lead\"}}]},{\"type\":\"column\",\"props\":{\"image_position\":\"center-center\",\"position_sticky_breakpoint\":\"m\",\"width_medium\":\"1-2\"}}]}]},{\"type\":\"section\",\"props\":{\"animation\":\"fade\",\"css\":\".el-element {\\n        background: #f7f7f7;\\n\\n       \\n}\",\"id\":\"kontakt\",\"image_position\":\"center-center\",\"padding_remove_top\":false,\"style\":\"default\",\"title_breakpoint\":\"xl\",\"title_position\":\"top-left\",\"title_rotation\":\"left\",\"vertical_align\":\"\",\"width\":\"\"},\"children\":[{\"type\":\"row\",\"children\":[{\"type\":\"column\",\"props\":{\"image_position\":\"center-center\",\"padding\":\"large\",\"position_sticky_breakpoint\":\"m\",\"text_color\":\"dark\",\"vertical_align\":\"middle\"},\"children\":[{\"type\":\"headline\",\"props\":{\"animation\":\"slide-top-small\",\"content\":\"G\\u00fcbau Logistics GmbH\",\"title_color\":\"secondary\",\"title_element\":\"h2\",\"title_style\":\"h4\"}},{\"type\":\"headline\",\"props\":{\"animation\":\"slide-bottom-small\",\"block_align\":\"center\",\"content\":\"Sie m\\u00f6chten mehr erfahren? Nutzen Sie unser Kontakt&shy;formular.\",\"css\":\".el-element {\\n    text-transform: uppercase;\\n    font-weight: bold;\\n}\",\"margin\":\"default\",\"margin_remove_bottom\":true,\"title_element\":\"div\",\"title_style\":\"h1\"}},{\"type\":\"text\",\"props\":{\"block_align\":\"center\",\"block_align_breakpoint\":\"m\",\"block_align_fallback\":\"center\",\"column_breakpoint\":\"m\",\"content\":\"\n\n<p>[contact-form-7 id=\\\"92c523a\\\" title=\\\"Kontaktformular 1\\\" html_id=\\\"contact-form-7\\\"]<\\\/p>\",\"css\":\"input[type=\\\"text\\\"],\\ninput[type=\\\"email\\\"],\\ninput[type=\\\"tel\\\"]\\n{\\n    background-color: #fff;\\n    color: #333;\\n    border: 1px solid #dcdcdc;\\n    height: 30px;\\n    width: 95%;\\n    padding-left: 10px;\\n    font-size: 15px;\\n}\\n\\ntextarea\\n{\\n    border: 1px solid #dcdcdc;\\n    width: 95%;\\n    padding-left: 10px;\\n    padding-top: 10px;\\n    font-size: 15px;\\nfont-family: Roboto;\\n}\\n\\ninput[type=\\\"date\\\"] {\\n    \\n    border: 1px solid #dcdcdc;\\n    padding: 5px;\\n    font-family: Roboto;\\n    font-size: 15px;\\n    color: #7f7f7f;\\n}\\n\\nselect\\n{\\n    border: 1px solid #dcdcdc;\\n    padding: 8px;\\n    color: #7f7f7f;\\n}\\n\\n.wpcf7 .wpcf7-submit{\\n      border: 1px solid #004f90;\\n    background-color: #fff;\\n    padding: 15px;\\n    width: 20%;\\n    letter-spacing: 1px;\\n    font-size: 15px;\\n    font-weight: 400;\\n    color: #143848;\\n    transition: .1s ease-in-out;\\n}\\n\\n.wpcf7 .wpcf7-submit:hover{\\n    border: 1px solid #fff;\\n    background-color: #172335;\\n    padding: 15px;\\n    width: 20%;\\n    letter-spacing:1px;\\n        font-size: 15px;\\n    font-weight: 400;\\n    color: #fff;\\n    transition: .1s ease-in-out;\\n}\\n\\n\\n.wpcf7 div.wpcf7-response-output {\\nbackground-color:#044c86;\\nfont-size:18px;\\nborder:none;\\n}\",\"margin\":\"default\",\"maxwidth_breakpoint\":\"m\",\"text_align\":\"left\",\"text_align_breakpoint\":\"m\",\"text_align_fallback\":\"center\"}},{\"type\":\"html\",\"props\":{\"content\":\"<button form=\\\"contact-form-7\\\" type=\\\"submit\\\" class=\\\"el-content uk-button uk-button-secondary\\\">\\n    Senden\\n<\\\/button>\"}}]}],\"props\":{\"column_gap\":\"collapse\",\"row_gap\":\"collapse\",\"width\":\"default\"}}],\"name\":\"guebau_formular\"}],\"type\":\"layout\",\"version\":\"4.4.10\"} --><\/p>\n","protected":false},"excerpt":{"rendered":"<p>Zentrale Wolfsburg Baden-Baden Ihr Kontakt zu uns Zentrale Wolfsburg G\u00fcbau Logistics GmbH Peter-Hurst-Stra\u00dfe 3 38444 Wolfsburg Tel. +49 5308403-0 Fax. +49 5308403-111 kontakt@guebau.de Baden Baden G\u00fcbau Logistics GmbH Robert-Bosch-Stra\u00dfe 4 76532 Baden-Baden Tel. +49 7221 97 29 89-0 Fax. +49 7221 97 29 89-18 haueneberstein@guebau.de facebook xing F\u00dcR UNTERNEHMER Im Rahmen unserer nationalen und internationalen [&hellip;]<\/p>\n","protected":false},"author":2,"featured_media":0,"parent":0,"menu_order":0,"comment_status":"closed","ping_status":"closed","template":"","meta":{"footnotes":""},"class_list":["post-1761","page","type-page","status-publish","hentry"],"yoast_head":"<!-- This site is optimized with the Yoast SEO plugin v24.4 - https:\/\/yoast.com\/wordpress\/plugins\/seo\/ -->\n<title>Kontakt - G\u00fcbau Group<\/title>\n<meta name=\"description\" content=\"So erreichen Sie uns: Rufen Sie uns an! Oder bevorzugen Sie den Schriftverkehr? Dann freuen wir uns auf Ihre Anfrage per E-Mail.\" \/>\n<meta name=\"robots\" content=\"index, follow, max-snippet:-1, max-image-preview:large, max-video-preview:-1\" \/>\n<link rel=\"canonical\" href=\"https:\/\/guebau.de\/en\/kontakt\/\" \/>\n<meta property=\"og:locale\" content=\"en_US\" \/>\n<meta property=\"og:type\" content=\"article\" \/>\n<meta property=\"og:title\" content=\"Kontakt - G\u00fcbau Group\" \/>\n<meta property=\"og:description\" content=\"So erreichen Sie uns: Rufen Sie uns an! Oder bevorzugen Sie den Schriftverkehr? Dann freuen wir uns auf Ihre Anfrage per E-Mail.\" \/>\n<meta property=\"og:url\" content=\"https:\/\/guebau.de\/en\/kontakt\/\" \/>\n<meta property=\"og:site_name\" content=\"G\u00fcbau Group\" \/>\n<meta property=\"article:modified_time\" content=\"2024-10-22T14:58:52+00:00\" \/>\n<meta name=\"twitter:card\" content=\"summary_large_image\" \/>\n<meta name=\"twitter:label1\" content=\"Est. reading time\" \/>\n\t<meta name=\"twitter:data1\" content=\"1 minute\" \/>\n<!-- \/ Yoast SEO plugin. -->","yoast_head_json":{"title":"Kontakt - G\u00fcbau Group","description":"So erreichen Sie uns: Rufen Sie uns an! Oder bevorzugen Sie den Schriftverkehr? Dann freuen wir uns auf Ihre Anfrage per E-Mail.","robots":{"index":"index","follow":"follow","max-snippet":"max-snippet:-1","max-image-preview":"max-image-preview:large","max-video-preview":"max-video-preview:-1"},"canonical":"https:\/\/guebau.de\/en\/kontakt\/","og_locale":"en_US","og_type":"article","og_title":"Kontakt - G\u00fcbau Group","og_description":"So erreichen Sie uns: Rufen Sie uns an! Oder bevorzugen Sie den Schriftverkehr? Dann freuen wir uns auf Ihre Anfrage per E-Mail.","og_url":"https:\/\/guebau.de\/en\/kontakt\/","og_site_name":"G\u00fcbau Group","article_modified_time":"2024-10-22T14:58:52+00:00","twitter_card":"summary_large_image","twitter_misc":{"Est. reading time":"1 minute"},"schema":{"@context":"https:\/\/schema.org","@graph":[{"@type":"WebPage","@id":"https:\/\/guebau.de\/en\/kontakt\/","url":"https:\/\/guebau.de\/en\/kontakt\/","name":"Kontakt - G\u00fcbau Group","isPartOf":{"@id":"https:\/\/guebau.de\/en\/#website"},"datePublished":"2022-02-14T10:53:31+00:00","dateModified":"2024-10-22T14:58:52+00:00","description":"So erreichen Sie uns: Rufen Sie uns an! Oder bevorzugen Sie den Schriftverkehr? Dann freuen wir uns auf Ihre Anfrage per E-Mail.","breadcrumb":{"@id":"https:\/\/guebau.de\/en\/kontakt\/#breadcrumb"},"inLanguage":"en-US","potentialAction":[{"@type":"ReadAction","target":["https:\/\/guebau.de\/en\/kontakt\/"]}]},{"@type":"BreadcrumbList","@id":"https:\/\/guebau.de\/en\/kontakt\/#breadcrumb","itemListElement":[{"@type":"ListItem","position":1,"name":"Startseite","item":"https:\/\/guebau.de\/en\/"},{"@type":"ListItem","position":2,"name":"Kontakt"}]},{"@type":"WebSite","@id":"https:\/\/guebau.de\/en\/#website","url":"https:\/\/guebau.de\/en\/","name":"G\u00fcbau Group","description":"G\u00fcbau Group","publisher":{"@id":"https:\/\/guebau.de\/en\/#organization"},"potentialAction":[{"@type":"SearchAction","target":{"@type":"EntryPoint","urlTemplate":"https:\/\/guebau.de\/en\/?s={search_term_string}"},"query-input":{"@type":"PropertyValueSpecification","valueRequired":true,"valueName":"search_term_string"}}],"inLanguage":"en-US"},{"@type":"Organization","@id":"https:\/\/guebau.de\/en\/#organization","name":"S\u00fcdvolumen GmbH","url":"https:\/\/guebau.de\/en\/","logo":{"@type":"ImageObject","inLanguage":"en-US","@id":"https:\/\/guebau.de\/en\/#\/schema\/logo\/image\/","url":"https:\/\/guebau.lit-webhosting.gridventures.de\/wp-content\/uploads\/2022\/02\/SV_Logo-mit-Claim.png","contentUrl":"https:\/\/guebau.lit-webhosting.gridventures.de\/wp-content\/uploads\/2022\/02\/SV_Logo-mit-Claim.png","width":3544,"height":758,"caption":"S\u00fcdvolumen GmbH"},"image":{"@id":"https:\/\/guebau.de\/en\/#\/schema\/logo\/image\/"}}]}},"_links":{"self":[{"href":"https:\/\/guebau.de\/en\/wp-json\/wp\/v2\/pages\/1761","targetHints":{"allow":["GET"]}}],"collection":[{"href":"https:\/\/guebau.de\/en\/wp-json\/wp\/v2\/pages"}],"about":[{"href":"https:\/\/guebau.de\/en\/wp-json\/wp\/v2\/types\/page"}],"author":[{"embeddable":true,"href":"https:\/\/guebau.de\/en\/wp-json\/wp\/v2\/users\/2"}],"replies":[{"embeddable":true,"href":"https:\/\/guebau.de\/en\/wp-json\/wp\/v2\/comments?post=1761"}],"version-history":[{"count":82,"href":"https:\/\/guebau.de\/en\/wp-json\/wp\/v2\/pages\/1761\/revisions"}],"predecessor-version":[{"id":4950,"href":"https:\/\/guebau.de\/en\/wp-json\/wp\/v2\/pages\/1761\/revisions\/4950"}],"wp:attachment":[{"href":"https:\/\/guebau.de\/en\/wp-json\/wp\/v2\/media?parent=1761"}],"curies":[{"name":"wp","href":"https:\/\/api.w.org\/{rel}","templated":true}]}}