{"id":1757,"date":"2022-02-09T10:51:23","date_gmt":"2022-02-09T10:51:23","guid":{"rendered":"https:\/\/guebau.lit-webhosting.gridventures.de\/fuhrpark\/"},"modified":"2024-10-22T14:58:42","modified_gmt":"2024-10-22T14:58:42","slug":"news","status":"publish","type":"page","link":"https:\/\/guebau.de\/en\/news\/","title":{"rendered":"News"},"content":{"rendered":"<p><a href=\"#\">Nach oben<\/a><\/p>\n<h1>\n<p class=\"p1\"><strong>News<\/strong> &amp; Aktuelles<\/p>\n<\/h1>\n<div>\n<\/div>\n<p>\n    <a href=\"\">Zum Archiv<\/a>\n<\/p>\n<h2>G\u00fcbau Logistics GmbH<\/h2>\n<div>Sie m\u00f6chten mehr erfahren? Nutzen Sie unser Kontakt&shy;formular.<\/div>\n<div>\n\n<div class=\"wpcf7 no-js\" id=\"wpcf7-f2085-o1\" lang=\"en-US\" dir=\"ltr\" data-wpcf7-id=\"2085\">\n<div class=\"screen-reader-response\"><p role=\"status\" aria-live=\"polite\" aria-atomic=\"true\"><\/p> <ul><\/ul><\/div>\n<form action=\"\/en\/wp-json\/wp\/v2\/pages\/1757#wpcf7-f2085-o1\" method=\"post\" class=\"wpcf7-form init\" id=\"contact-form-7\" aria-label=\"Contact form\" novalidate=\"novalidate\" data-status=\"init\">\n<div style=\"display: none;\">\n<input type=\"hidden\" name=\"_wpcf7\" value=\"2085\" \/>\n<input type=\"hidden\" name=\"_wpcf7_version\" value=\"6.0.3\" \/>\n<input type=\"hidden\" name=\"_wpcf7_locale\" value=\"en_US\" \/>\n<input type=\"hidden\" name=\"_wpcf7_unit_tag\" value=\"wpcf7-f2085-o1\" \/>\n<input type=\"hidden\" name=\"_wpcf7_container_post\" value=\"0\" \/>\n<input type=\"hidden\" name=\"_wpcf7_posted_data_hash\" value=\"\" \/>\n<\/div>\n<p><label> <span class=\"wpcf7-form-control-wrap\" data-name=\"your-name\"><input size=\"40\" maxlength=\"400\" class=\"wpcf7-form-control wpcf7-text wpcf7-validates-as-required\" aria-required=\"true\" aria-invalid=\"false\" placeholder=\"Vorname, Nachname\" value=\"\" type=\"text\" name=\"your-name\" \/><\/span> <\/label>\n<\/p>\n<p><label> <span class=\"wpcf7-form-control-wrap\" data-name=\"your-email\"><input size=\"40\" maxlength=\"400\" class=\"wpcf7-form-control wpcf7-email wpcf7-validates-as-required wpcf7-text wpcf7-validates-as-email\" aria-required=\"true\" aria-invalid=\"false\" placeholder=\"Ihre E-Mail-Adresse\" value=\"\" type=\"email\" name=\"your-email\" \/><\/span> <\/label>\n<\/p>\n<p><label> <span class=\"wpcf7-form-control-wrap\" data-name=\"your-message\"><textarea cols=\"40\" rows=\"10\" maxlength=\"2000\" class=\"wpcf7-form-control wpcf7-textarea wpcf7-validates-as-required\" aria-required=\"true\" aria-invalid=\"false\" placeholder=\"Ihre Nachricht\" name=\"your-message\"><\/textarea><\/span> <\/label>\n<\/p>\n<p><label>L\u00f6se die Rechenaufgabe<br \/>\n<span class=\"wpcf7-form-control-wrap\" data-name=\"quiz-check\"><label><span class=\"wpcf7-quiz-label\">8+2=<\/span> <input size=\"40\" class=\"wpcf7-form-control wpcf7-quiz\" autocomplete=\"off\" aria-required=\"true\" aria-invalid=\"false\" type=\"text\" name=\"quiz-check\" \/><\/label><input type=\"hidden\" name=\"_wpcf7_quiz_answer_quiz-check\" value=\"6596c27ea8393333e5274365188189dd\" \/><\/span><\/label>\n<\/p>\n<p><span class=\"wpcf7-form-control-wrap\" data-name=\"checkbox-460\"><span class=\"wpcf7-form-control wpcf7-checkbox wpcf7-validates-as-required\"><span class=\"wpcf7-list-item first last\"><label><input type=\"checkbox\" name=\"checkbox-460[]\" value=\"Durch Anklicken des Buttons &quot;Sendenl&quot; willige ich ein, dass mich die G\u00fcbau Logistics GmbH per E-Mail oder Telefon kontaktiert. Ich kann meine Einwilligung jederzeit gegen\u00fcber der G\u00fcbau Logistics GmbH widerrufen. Weitere Informationen finden Sie auf unserer Datenschutzseite.\" \/><span class=\"wpcf7-list-item-label\">Durch Anklicken des Buttons &quot;Sendenl&quot; willige ich ein, dass mich die G\u00fcbau Logistics GmbH per E-Mail oder Telefon kontaktiert. Ich kann meine Einwilligung jederzeit gegen\u00fcber der G\u00fcbau Logistics GmbH widerrufen. Weitere Informationen finden Sie auf unserer Datenschutzseite.<\/span><\/label><\/span><\/span><\/span>\n<\/p><div class=\"wpcf7-response-output\" aria-hidden=\"true\"><\/div>\n<\/form>\n<\/div>\n\n<\/div>\n<div>\n<p>    <button form=\"contact-form-7\" type=\"submit\" class=\"el-content uk-button uk-button-secondary\"><br \/>\n    Senden<br \/>\n<\/button>\n<\/div>\n<p><!--more--><br \/>\n<!-- {\"name\":\"home\",\"type\":\"layout\",\"children\":[{\"type\":\"section\",\"props\":{\"image\":\"wp-content\\\/uploads\\\/2024\\\/06\\\/Bild-18-scaled-e1719319280367.jpg\",\"image_effect\":\"parallax\",\"image_parallax_bgy\":\"-150,0\",\"image_parallax_easing\":\"1\",\"image_position\":\"center-center\",\"image_size\":\"cover\",\"padding\":\"xlarge\",\"style\":\"default\",\"title_breakpoint\":\"xl\",\"title_position\":\"top-left\",\"title_rotation\":\"left\",\"vertical_align\":\"\",\"width\":\"default\"},\"children\":[{\"type\":\"row\",\"children\":[{\"type\":\"column\",\"props\":{\"image_position\":\"center-center\",\"position_sticky_breakpoint\":\"m\"},\"children\":[{\"type\":\"nav\",\"props\":{\"class\":\"floating-menu inverted is-fixed\",\"css\":\".el-element {\\n\\tposition: absolute;\\n    top: 60vh;\\n    z-index: 150;\\n    left: -16px;\\n    display: inline-block;\\n    max-width: 200px;\\n}\\n\\n.el-element.is-fixed {\\n\\tposition: fixed;\\n    top: 100px;\\n    left: 34px;\\n}\\n\\n.el-item {\\n    position: relative;\\n    background: #ee7303;\\n    margin-bottom: 16px;\\n    font-size: 13px;\\n    transition: background 250ms;\\n}\\n\\n.el-item:before {\\n\\tposition: absolute;\\n    top: -16px;\\n    left: 0;\\n    content: \\\"\\\";\\n    background: #be5c02;\\n    width: 16px;\\n    height: 16px;\\n    clip-path: polygon(100% 29%, 0% 100%, 100% 100%);\\n    transition: background 250ms;\\n}\\n\\n.el-item.uk-active {\\n\\tbackground: #c15d02;\\n}\\n\\n.el-item.uk-active:before {\\n\\tbackground: #da6903;\\n}\\n\\n.el-item:hover {\\n\\tbackground: #ee8d35;\\n}\\n\\n.el-item:hover:before {\\n\\tbackground: #da6903;\\n}\\n\\n.el-link {\\n\\tcolor: #fff;\\n    padding: 7px 10px;\\n    padding-top: 9px;\\n    padding-right: 16px;\\n    font-family: Mina;\\n    font-weight: bold;\\n    transition: all 300ms;\\n}\\n\\n@media screen and (max-width: 1700px) {\\n    .el-element:not(.inverted) {\\n    \\tmax-width: 40px;\\n        transition: max-width 300ms;\\n    }\\n    \\n    .el-element:not(.inverted):hover {\\n    \\tmax-width: 200px;\\n    }\\n    \\n    .el-element:not(.inverted) .el-item .el-link {\\n        opacity: 0;\\n        transform: translatex(-12px);\\n    }\\n\\n    .el-element:not(.inverted):hover .el-item .el-link {\\n    \\topacity: 1;\\n        transform: translatex(0);\\n    }\\n}\\n\\n@media screen and (max-width: 959px) {\\n    .el-element {\\n    \\tdisplay: none;\\n    }\\n    .el-element.inverted {\\n    \\tdisplay: none;\\n    }\\n}\\n\\n@media screen and (min-width: 2020px) {\\n    .el-element.is-fixed {\\n    \\tleft: calc((100vw - (100vw - 100%) - 2020px) \\\/ 2 + 35px);\\n    }\\n    .el-element.inverted.is-fixed {\\n    \\tright: calc((100vw - (100vw - 100%) - 2020px) \\\/ 2 + 35px);\\n    }\\n}\\n\\n.el-element.inverted {\\n\\tleft: unset;\\n    top: unset;\\n    bottom: 32px;\\n    right: 34px;\\n}\\n\\n.el-element.inverted .el-item:before {\\n\\tleft: unset;\\n\\tright: 0;\\n    clip-path: polygon(0 29%, 0% 100%, 100% 100%);\\n}\",\"grid\":\"1\",\"image_vertical_align\":true,\"nav_style\":\"default\",\"show_image\":true,\"show_meta\":true},\"children\":[{\"type\":\"nav_item\",\"props\":{\"content\":\"Nach oben\",\"link\":\"#\"}}],\"name\":\"guebau_top\"}]}]}]},{\"name\":\"KUNDEN\",\"type\":\"section\",\"props\":{\"animation\":\"fade\",\"id\":\"kunden\",\"image_position\":\"center-center\",\"image_size\":\"cover\",\"padding\":\"large\",\"padding_remove_bottom\":false,\"style\":\"default\",\"title_breakpoint\":\"xl\",\"title_position\":\"top-left\",\"title_rotation\":\"left\",\"vertical_align\":\"\",\"width\":\"large\"},\"children\":[{\"type\":\"row\",\"children\":[{\"type\":\"column\",\"props\":{\"image_position\":\"center-center\",\"position_sticky_breakpoint\":\"m\",\"vertical_align\":\"middle\"},\"children\":[{\"type\":\"headline\",\"props\":{\"animation\":\"slide-bottom-small\",\"content\":\"\n\n<p class=\\\"p1\\\"><strong>News<\\\/strong> &amp; Aktuelles<\\\/p>\",\"css\":\".el-element {\\n   text-transform: uppercase;\\n}\",\"margin\":\"default\",\"margin_remove_bottom\":true,\"title_color\":\"secondary\",\"title_element\":\"h1\",\"title_style\":\"heading-small\"}},{\"type\":\"grid\",\"props\":{\"content_column_breakpoint\":\"m\",\"css\":\".el-title {\\n    text-transform: uppercase;\\n}\",\"filter_align\":\"left\",\"filter_all\":true,\"filter_grid_breakpoint\":\"m\",\"filter_grid_width\":\"auto\",\"filter_position\":\"top\",\"filter_style\":\"tab\",\"grid_default\":\"1\",\"grid_masonry\":\"next\",\"grid_medium\":\"2\",\"icon_width\":80,\"image_align\":\"top\",\"image_grid_breakpoint\":\"m\",\"image_grid_width\":\"1-2\",\"image_height\":\"900\",\"image_svg_color\":\"emphasis\",\"image_width\":\"1500\",\"item_animation\":true,\"link_style\":\"primary\",\"link_text\":\"Read more\",\"margin\":\"default\",\"meta_align\":\"below-title\",\"meta_element\":\"div\",\"meta_style\":\"text-meta\",\"panel_image_no_padding\":true,\"panel_padding\":\"default\",\"panel_style\":\"tile-muted\",\"parallax_easing\":\"1\",\"show_content\":true,\"show_image\":true,\"show_link\":true,\"show_meta\":true,\"show_title\":true,\"title_align\":\"top\",\"title_color\":\"primary\",\"title_element\":\"h3\",\"title_grid_breakpoint\":\"m\",\"title_grid_width\":\"1-2\",\"title_hover_style\":\"reset\"},\"children\":[{\"type\":\"grid_item\",\"props\":{\"link_text\":\"Weiterlesen\"},\"source\":{\"query\":{\"name\":\"posts.customPosts\",\"arguments\":{\"terms\":[14],\"category_operator\":\"IN\",\"post_tag_operator\":\"IN\",\"users\":[],\"users_operator\":\"IN\",\"offset\":0,\"limit\":9,\"order\":\"date\",\"order_direction\":\"DESC\"}},\"props\":{\"title\":{\"filters\":{\"search\":\"\"},\"name\":\"title\"},\"content\":{\"filters\":{\"search\":\"\",\"limit\":250},\"arguments\":{\"show_intro_text\":true},\"name\":\"content\"},\"link\":{\"filters\":{\"search\":\"\"},\"name\":\"link\"},\"meta\":{\"filters\":{\"search\":\"\",\"date\":\"\"},\"name\":\"date\"},\"image\":{\"filters\":{\"search\":\"\"},\"name\":\"featuredImage.url\"}}}}]},{\"type\":\"button\",\"props\":{\"grid_column_gap\":\"small\",\"grid_row_gap\":\"small\",\"margin\":\"default\"},\"children\":[{\"type\":\"button_item\",\"props\":{\"button_style\":\"default\",\"content\":\"Zum Archiv\",\"icon_align\":\"left\"}}]}]}],\"props\":{\"column_gap\":\"large\"}}]},{\"type\":\"section\",\"props\":{\"image_position\":\"center-center\",\"status\":\"disabled\",\"style\":\"primary\",\"title_breakpoint\":\"xl\",\"title_position\":\"top-left\",\"title_rotation\":\"left\",\"vertical_align\":\"\",\"width\":\"default\"},\"children\":[{\"type\":\"row\",\"children\":[{\"type\":\"column\",\"props\":{\"image_position\":\"center-center\",\"position_sticky_breakpoint\":\"m\"},\"children\":[{\"type\":\"headline\",\"props\":{\"animation\":\"slide-bottom-small\",\"content\":\"<strong>Archiv<\\\/strong>\",\"css\":\".el-element {\\n   text-transform: uppercase;\\n}\",\"margin\":\"default\",\"margin_remove_bottom\":true,\"title_color\":\"secondary\",\"title_element\":\"h1\",\"title_style\":\"heading-small\"}},{\"type\":\"grid\",\"props\":{\"content_column_breakpoint\":\"m\",\"css\":\".el-title {\\n    text-transform: uppercase;\\n}\",\"filter_align\":\"left\",\"filter_all\":true,\"filter_grid_breakpoint\":\"m\",\"filter_grid_width\":\"auto\",\"filter_position\":\"top\",\"filter_style\":\"tab\",\"grid_default\":\"1\",\"grid_masonry\":\"next\",\"grid_medium\":\"2\",\"icon_width\":80,\"image_align\":\"top\",\"image_grid_breakpoint\":\"m\",\"image_grid_width\":\"1-2\",\"image_height\":\"900\",\"image_svg_color\":\"emphasis\",\"image_width\":\"1500\",\"item_animation\":true,\"link_style\":\"primary\",\"link_text\":\"Read more\",\"margin\":\"default\",\"meta_align\":\"below-title\",\"meta_element\":\"div\",\"meta_style\":\"text-meta\",\"panel_image_no_padding\":true,\"panel_padding\":\"default\",\"panel_style\":\"card-secondary\",\"parallax_easing\":\"1\",\"show_content\":true,\"show_image\":false,\"show_link\":true,\"show_meta\":true,\"show_title\":true,\"title_align\":\"top\",\"title_color\":\"primary\",\"title_element\":\"h3\",\"title_grid_breakpoint\":\"m\",\"title_grid_width\":\"1-2\",\"title_hover_style\":\"reset\"},\"children\":[{\"type\":\"grid_item\",\"props\":{\"link_text\":\"Weiterlesen\"},\"source\":{\"query\":{\"name\":\"posts.customPosts\",\"arguments\":{\"terms\":[13],\"category_operator\":\"IN\",\"post_tag_operator\":\"IN\",\"users\":[],\"users_operator\":\"IN\",\"offset\":0,\"limit\":9,\"order\":\"date\",\"order_direction\":\"DESC\"}},\"props\":{\"title\":{\"filters\":{\"search\":\"\"},\"name\":\"title\"},\"content\":{\"filters\":{\"search\":\"\",\"limit\":250},\"arguments\":{\"show_intro_text\":true},\"name\":\"content\"},\"link\":{\"filters\":{\"search\":\"\"},\"name\":\"link\"},\"meta\":{\"filters\":{\"search\":\"\",\"date\":\"\"},\"name\":\"date\"},\"image\":{\"filters\":{\"search\":\"\"},\"name\":\"featuredImage.url\"}}}}]}]}]}]},{\"type\":\"section\",\"props\":{\"animation\":\"fade\",\"css\":\".el-element {\\n        background: #f7f7f7;\\n\\n       \\n}\",\"id\":\"kontakt\",\"image_position\":\"center-center\",\"padding\":\"large\",\"padding_remove_top\":false,\"style\":\"default\",\"title_breakpoint\":\"xl\",\"title_position\":\"top-left\",\"title_rotation\":\"left\",\"vertical_align\":\"\",\"width\":\"\"},\"children\":[{\"type\":\"row\",\"children\":[{\"type\":\"column\",\"props\":{\"image_position\":\"center-center\",\"padding\":\"large\",\"position_sticky_breakpoint\":\"m\",\"text_color\":\"dark\",\"vertical_align\":\"middle\"},\"children\":[{\"type\":\"headline\",\"props\":{\"animation\":\"slide-top-small\",\"content\":\"G\\u00fcbau Logistics GmbH\",\"title_color\":\"secondary\",\"title_element\":\"h2\",\"title_style\":\"h4\"}},{\"type\":\"headline\",\"props\":{\"animation\":\"slide-bottom-small\",\"block_align\":\"center\",\"content\":\"Sie m\\u00f6chten mehr erfahren? Nutzen Sie unser Kontakt&shy;formular.\",\"css\":\".el-element {\\n    text-transform: uppercase;\\n    font-weight: bold;\\n}\",\"margin\":\"default\",\"margin_remove_bottom\":true,\"title_element\":\"div\",\"title_style\":\"h1\"}},{\"type\":\"text\",\"props\":{\"block_align\":\"center\",\"block_align_breakpoint\":\"m\",\"block_align_fallback\":\"center\",\"column_breakpoint\":\"m\",\"content\":\"\n\n<p>[contact-form-7 id=\\\"92c523a\\\" title=\\\"Kontaktformular 1\\\" html_id=\\\"contact-form-7\\\"]<\\\/p>\",\"css\":\"input[type=\\\"text\\\"],\\ninput[type=\\\"email\\\"],\\ninput[type=\\\"tel\\\"]\\n{\\n    background-color: #fff;\\n    color: #333;\\n    border: 1px solid #dcdcdc;\\n    height: 30px;\\n    width: 95%;\\n    padding-left: 10px;\\n    font-size: 15px;\\n}\\n\\ntextarea\\n{\\n    border: 1px solid #dcdcdc;\\n    width: 95%;\\n    padding-left: 10px;\\n    padding-top: 10px;\\n    font-size: 15px;\\nfont-family: Roboto;\\n}\\n\\ninput[type=\\\"date\\\"] {\\n    \\n    border: 1px solid #dcdcdc;\\n    padding: 5px;\\n    font-family: Roboto;\\n    font-size: 15px;\\n    color: #7f7f7f;\\n}\\n\\nselect\\n{\\n    border: 1px solid #dcdcdc;\\n    padding: 8px;\\n    color: #7f7f7f;\\n}\\n\\n.wpcf7 .wpcf7-submit{\\n      border: 1px solid #004f90;\\n    background-color: #fff;\\n    padding: 15px;\\n    width: 20%;\\n    letter-spacing: 1px;\\n    font-size: 15px;\\n    font-weight: 400;\\n    color: #143848;\\n    transition: .1s ease-in-out;\\n}\\n\\n.wpcf7 .wpcf7-submit:hover{\\n    border: 1px solid #fff;\\n    background-color: #172335;\\n    padding: 15px;\\n    width: 20%;\\n    letter-spacing:1px;\\n        font-size: 15px;\\n    font-weight: 400;\\n    color: #fff;\\n    transition: .1s ease-in-out;\\n}\\n\\n\\n.wpcf7 div.wpcf7-response-output {\\nbackground-color:#044c86;\\nfont-size:18px;\\nborder:none;\\n}\",\"margin\":\"default\",\"maxwidth_breakpoint\":\"m\",\"text_align\":\"left\",\"text_align_breakpoint\":\"m\",\"text_align_fallback\":\"center\"}},{\"type\":\"html\",\"props\":{\"content\":\"<button form=\\\"contact-form-7\\\" type=\\\"submit\\\" class=\\\"el-content uk-button uk-button-secondary\\\">\\n    Senden\\n<\\\/button>\"}}]}],\"props\":{\"column_gap\":\"collapse\",\"row_gap\":\"collapse\",\"width\":\"default\"}}],\"name\":\"guebau_formular_gray\"}],\"version\":\"4.4.10\"} --><\/p>\n","protected":false},"excerpt":{"rendered":"<p>Nach oben News &amp; Aktuelles Zum Archiv G\u00fcbau Logistics GmbH Sie m\u00f6chten mehr erfahren? Nutzen Sie unser Kontakt&shy;formular. Senden<\/p>\n","protected":false},"author":2,"featured_media":0,"parent":0,"menu_order":0,"comment_status":"closed","ping_status":"closed","template":"","meta":{"footnotes":""},"class_list":["post-1757","page","type-page","status-publish","hentry"],"yoast_head":"<!-- This site is optimized with the Yoast SEO plugin v24.4 - https:\/\/yoast.com\/wordpress\/plugins\/seo\/ -->\n<title>News - G\u00fcbau Group<\/title>\n<meta name=\"description\" content=\"Als Kunde stehen Sie bei uns Mittelpunkt. Wir bieten Ihnen vom ersten Kontakt bis zur Zustellung Ihrer Ware eine pers\u00f6nliche Betreuung.\" \/>\n<meta name=\"robots\" content=\"index, follow, max-snippet:-1, max-image-preview:large, max-video-preview:-1\" \/>\n<link rel=\"canonical\" href=\"https:\/\/guebau.de\/en\/news\/\" \/>\n<meta property=\"og:locale\" content=\"en_US\" \/>\n<meta property=\"og:type\" content=\"article\" \/>\n<meta property=\"og:title\" content=\"News - G\u00fcbau Group\" \/>\n<meta property=\"og:description\" content=\"Als Kunde stehen Sie bei uns Mittelpunkt. Wir bieten Ihnen vom ersten Kontakt bis zur Zustellung Ihrer Ware eine pers\u00f6nliche Betreuung.\" \/>\n<meta property=\"og:url\" content=\"https:\/\/guebau.de\/en\/news\/\" \/>\n<meta property=\"og:site_name\" content=\"G\u00fcbau Group\" \/>\n<meta property=\"article:modified_time\" content=\"2024-10-22T14:58:42+00:00\" \/>\n<meta name=\"twitter:card\" content=\"summary_large_image\" \/>\n<!-- \/ Yoast SEO plugin. -->","yoast_head_json":{"title":"News - G\u00fcbau Group","description":"Als Kunde stehen Sie bei uns Mittelpunkt. Wir bieten Ihnen vom ersten Kontakt bis zur Zustellung Ihrer Ware eine pers\u00f6nliche Betreuung.","robots":{"index":"index","follow":"follow","max-snippet":"max-snippet:-1","max-image-preview":"max-image-preview:large","max-video-preview":"max-video-preview:-1"},"canonical":"https:\/\/guebau.de\/en\/news\/","og_locale":"en_US","og_type":"article","og_title":"News - G\u00fcbau Group","og_description":"Als Kunde stehen Sie bei uns Mittelpunkt. Wir bieten Ihnen vom ersten Kontakt bis zur Zustellung Ihrer Ware eine pers\u00f6nliche Betreuung.","og_url":"https:\/\/guebau.de\/en\/news\/","og_site_name":"G\u00fcbau Group","article_modified_time":"2024-10-22T14:58:42+00:00","twitter_card":"summary_large_image","schema":{"@context":"https:\/\/schema.org","@graph":[{"@type":"WebPage","@id":"https:\/\/guebau.de\/en\/news\/","url":"https:\/\/guebau.de\/en\/news\/","name":"News - G\u00fcbau Group","isPartOf":{"@id":"https:\/\/guebau.de\/en\/#website"},"datePublished":"2022-02-09T10:51:23+00:00","dateModified":"2024-10-22T14:58:42+00:00","description":"Als Kunde stehen Sie bei uns Mittelpunkt. Wir bieten Ihnen vom ersten Kontakt bis zur Zustellung Ihrer Ware eine pers\u00f6nliche Betreuung.","breadcrumb":{"@id":"https:\/\/guebau.de\/en\/news\/#breadcrumb"},"inLanguage":"en-US","potentialAction":[{"@type":"ReadAction","target":["https:\/\/guebau.de\/en\/news\/"]}]},{"@type":"BreadcrumbList","@id":"https:\/\/guebau.de\/en\/news\/#breadcrumb","itemListElement":[{"@type":"ListItem","position":1,"name":"Startseite","item":"https:\/\/guebau.de\/en\/"},{"@type":"ListItem","position":2,"name":"News"}]},{"@type":"WebSite","@id":"https:\/\/guebau.de\/en\/#website","url":"https:\/\/guebau.de\/en\/","name":"G\u00fcbau Group","description":"G\u00fcbau Group","publisher":{"@id":"https:\/\/guebau.de\/en\/#organization"},"potentialAction":[{"@type":"SearchAction","target":{"@type":"EntryPoint","urlTemplate":"https:\/\/guebau.de\/en\/?s={search_term_string}"},"query-input":{"@type":"PropertyValueSpecification","valueRequired":true,"valueName":"search_term_string"}}],"inLanguage":"en-US"},{"@type":"Organization","@id":"https:\/\/guebau.de\/en\/#organization","name":"S\u00fcdvolumen GmbH","url":"https:\/\/guebau.de\/en\/","logo":{"@type":"ImageObject","inLanguage":"en-US","@id":"https:\/\/guebau.de\/en\/#\/schema\/logo\/image\/","url":"https:\/\/guebau.lit-webhosting.gridventures.de\/wp-content\/uploads\/2022\/02\/SV_Logo-mit-Claim.png","contentUrl":"https:\/\/guebau.lit-webhosting.gridventures.de\/wp-content\/uploads\/2022\/02\/SV_Logo-mit-Claim.png","width":3544,"height":758,"caption":"S\u00fcdvolumen GmbH"},"image":{"@id":"https:\/\/guebau.de\/en\/#\/schema\/logo\/image\/"}}]}},"_links":{"self":[{"href":"https:\/\/guebau.de\/en\/wp-json\/wp\/v2\/pages\/1757","targetHints":{"allow":["GET"]}}],"collection":[{"href":"https:\/\/guebau.de\/en\/wp-json\/wp\/v2\/pages"}],"about":[{"href":"https:\/\/guebau.de\/en\/wp-json\/wp\/v2\/types\/page"}],"author":[{"embeddable":true,"href":"https:\/\/guebau.de\/en\/wp-json\/wp\/v2\/users\/2"}],"replies":[{"embeddable":true,"href":"https:\/\/guebau.de\/en\/wp-json\/wp\/v2\/comments?post=1757"}],"version-history":[{"count":87,"href":"https:\/\/guebau.de\/en\/wp-json\/wp\/v2\/pages\/1757\/revisions"}],"predecessor-version":[{"id":4948,"href":"https:\/\/guebau.de\/en\/wp-json\/wp\/v2\/pages\/1757\/revisions\/4948"}],"wp:attachment":[{"href":"https:\/\/guebau.de\/en\/wp-json\/wp\/v2\/media?parent=1757"}],"curies":[{"name":"wp","href":"https:\/\/api.w.org\/{rel}","templated":true}]}}